{"id":6533,"date":"2026-01-25T23:26:25","date_gmt":"2026-01-25T23:26:25","guid":{"rendered":"https:\/\/www.ailoop.io\/?page_id=6533"},"modified":"2026-01-29T21:49:01","modified_gmt":"2026-01-29T21:49:01","slug":"parler-a-un-expert","status":"publish","type":"page","link":"https:\/\/www.ailoop.io\/en\/parler-a-un-expert\/","title":{"rendered":"Parlez avec nos experts"},"content":{"rendered":"<section id=\"wp-block-themeisle-blocks-advanced-columns-debe9c02\" class=\"wp-block-themeisle-blocks-advanced-columns alignfull has-2-columns has-desktop-equal-layout has-tablet-equal-layout has-mobile-collapsedRows-layout has-vertical-center has-dark-bg\"><div class=\"wp-block-themeisle-blocks-advanced-columns-overlay\"><\/div><div class=\"innerblocks-wrap\">\n<div id=\"wp-block-themeisle-blocks-advanced-column-1cf06e66\" class=\"wp-block-themeisle-blocks-advanced-column\">\n<div class=\"wp-block-uagb-advanced-heading uagb-block-c7a4be11  o-typing-slower\"><h1 class=\"uagb-heading-text\"><mark style=\"background-color:rgba(0, 0, 0, 0)\" class=\"has-inline-color has-neve-link-color-color\">Parlez<\/mark> avec nos <mark style=\"background-color:rgba(0, 0, 0, 0)\" class=\"has-inline-color has-neve-link-color-color\">experts ACV et digital<\/mark><\/h1><\/div>\n\n\n\n<p class=\"has-nv-text-dark-bg-color has-text-color has-link-color wp-elements-fc7b47a30063b51c4efc11c3bd3b8deb\">Un \u00e9change pour comprendre votre contexte, vos enjeux environnementaux, et identifier comment le digital peut cr\u00e9er de la valeur concr\u00e8te.<\/p>\n\n\n\n<div class=\"wp-block-buttons is-content-justification-left is-layout-flex wp-container-core-buttons-is-layout-fdcfc74e wp-block-buttons-is-layout-flex\"><\/div>\n<\/div>\n\n\n\n<div id=\"wp-block-themeisle-blocks-advanced-column-39715dff\" class=\"wp-block-themeisle-blocks-advanced-column\">\n<div class=\"wp-block-uagb-image uagb-block-1004ce7e wp-block-uagb-image--layout-default wp-block-uagb-image--effect-static wp-block-uagb-image--align-none\"><figure class=\"wp-block-uagb-image__figure\"><img decoding=\"async\" srcset=\"https:\/\/www.ailoop.io\/wp-content\/uploads\/2025\/09\/epd-generator-steps-interface-ailoop-weloop.webp 946w, https:\/\/www.ailoop.io\/wp-content\/uploads\/2025\/09\/epd-generator-steps-interface-ailoop-weloop-300x208.webp 300w, https:\/\/www.ailoop.io\/wp-content\/uploads\/2025\/09\/epd-generator-steps-interface-ailoop-weloop-768x532.webp 768w, https:\/\/www.ailoop.io\/wp-content\/uploads\/2025\/09\/epd-generator-steps-interface-ailoop-weloop-18x12.webp 18w\" sizes=\"auto, (max-width: 480px) 150px\" src=\"https:\/\/www.ailoop.io\/wp-content\/uploads\/2025\/09\/epd-generator-steps-interface-ailoop-weloop.webp\" alt=\"Three-step process of the EPD generator by Ailoop and Weloop: product selection, parameter input, and results download\" class=\"uag-image-4760\" width=\"722\" height=\"499\" title=\"EPD generator steps \u2013 Ailoop x Weloop interface\" loading=\"lazy\" role=\"img\"\/><\/figure><\/div>\n<\/div>\n<\/div><\/section>\n\n\n\n<div id=\"wp-block-themeisle-blocks-advanced-columns-708b6d0f\" class=\"wp-block-themeisle-blocks-advanced-columns has-1-columns has-desktop-equal-layout has-tablet-equal-layout has-mobile-equal-layout has-vertical-unset\"><div class=\"wp-block-themeisle-blocks-advanced-columns-overlay\"><\/div><div class=\"innerblocks-wrap\">\n<div id=\"wp-block-themeisle-blocks-advanced-column-74252c6f\" class=\"wp-block-themeisle-blocks-advanced-column\">\n<div style=\"height:0px\" aria-hidden=\"true\" id=\"form\" class=\"wp-block-spacer\"><\/div>\n<\/div>\n<\/div><\/div>\n\n\n\n<div id=\"form_demo2\" class=\"wp-block-themeisle-blocks-advanced-columns has-1-columns has-desktop-equal-layout has-tablet-equal-layout has-mobile-equal-layout has-vertical-unset\"><div class=\"wp-block-themeisle-blocks-advanced-columns-overlay\"><\/div><div class=\"innerblocks-wrap\">\n<div id=\"wp-block-themeisle-blocks-advanced-column-9265ee25\" class=\"wp-block-themeisle-blocks-advanced-column\">\n<div id=\"form_demo\" class=\"wp-block-themeisle-blocks-advanced-columns has-2-columns has-desktop-equal-layout has-tablet-equal-layout has-mobile-collapsedRows-layout has-vertical-unset\"><div class=\"wp-block-themeisle-blocks-advanced-columns-overlay\"><\/div><div class=\"innerblocks-wrap\">\n<div id=\"wp-block-themeisle-blocks-advanced-column-3dfc76fa\" class=\"wp-block-themeisle-blocks-advanced-column\">\n<div id=\"wp-block-themeisle-blocks-advanced-columns-ee07abc1\" class=\"wp-block-themeisle-blocks-advanced-columns has-1-columns has-desktop-equal-layout has-tablet-equal-layout has-mobile-equal-layout has-vertical-unset\"><div class=\"wp-block-themeisle-blocks-advanced-columns-overlay\"><\/div><div class=\"innerblocks-wrap\">\n<div id=\"wp-block-themeisle-blocks-advanced-column-b4d72fc7\" class=\"wp-block-themeisle-blocks-advanced-column\">\n<div id=\"wp-block-themeisle-blocks-advanced-columns-bbb62a08\" class=\"wp-block-themeisle-blocks-advanced-columns has-1-columns has-desktop-equal-layout has-tablet-equal-layout has-mobile-equal-layout has-vertical-unset\"><div class=\"wp-block-themeisle-blocks-advanced-columns-overlay\"><\/div><div class=\"innerblocks-wrap\">\n<div id=\"wp-block-themeisle-blocks-advanced-column-b1788b34\" class=\"wp-block-themeisle-blocks-advanced-column\">\n<div id=\"wp-block-themeisle-blocks-advanced-columns-97d46567\" class=\"wp-block-themeisle-blocks-advanced-columns has-1-columns has-desktop-equal-layout has-tablet-equal-layout has-mobile-equal-layout has-vertical-unset\"><div class=\"wp-block-themeisle-blocks-advanced-columns-overlay\"><\/div><div class=\"innerblocks-wrap\">\n<div id=\"wp-block-themeisle-blocks-advanced-column-307f9a17\" class=\"wp-block-themeisle-blocks-advanced-column\">\n<div id=\"wp-block-themeisle-blocks-advanced-columns-2b448af2\" class=\"wp-block-themeisle-blocks-advanced-columns has-1-columns has-desktop-equal-layout has-tablet-equal-layout has-mobile-equal-layout has-vertical-unset\"><div class=\"wp-block-themeisle-blocks-advanced-columns-overlay\"><\/div><div class=\"innerblocks-wrap\">\n<div id=\"wp-block-themeisle-blocks-advanced-column-ac2c2632\" class=\"wp-block-themeisle-blocks-advanced-column\">\n<div class=\"wp-block-uagb-advanced-heading uagb-block-312c1498\"><h3 class=\"uagb-heading-text\">Pourquoi nous contacter ?<\/h3><\/div>\n\n\n\n<div class=\"wp-block-uagb-advanced-heading uagb-block-20de6094\"><p class=\"uagb-heading-text\">Planifiez un \u00e9change avec un expert ACV et un expert en digital pour :<\/p><\/div>\n\n\n\n<div class=\"wp-block-uagb-icon-list uagb-block-011ffbd3\"><div class=\"uagb-icon-list__wrap\">\n<div class=\"wp-block-uagb-icon-list-child uagb-block-50d94ccd\"><span class=\"uagb-icon-list__source-wrap\"><svg xmlns=\"https:\/\/www.w3.org\/2000\/svg\" viewbox=\"0 0 384 512\"><path d=\"M240.5 224H352C365.3 224 377.3 232.3 381.1 244.7C386.6 257.2 383.1 271.3 373.1 280.1L117.1 504.1C105.8 513.9 89.27 514.7 77.19 505.9C65.1 497.1 60.7 481.1 66.59 467.4L143.5 288H31.1C18.67 288 6.733 279.7 2.044 267.3C-2.645 254.8 .8944 240.7 10.93 231.9L266.9 7.918C278.2-1.92 294.7-2.669 306.8 6.114C318.9 14.9 323.3 30.87 317.4 44.61L240.5 224z\"><\/path><\/svg><\/span><span class=\"uagb-icon-list__label\">Comprendre si un outil digital est pertinent dans votre contexte<\/span><\/div>\n\n\n\n<div class=\"wp-block-uagb-icon-list-child uagb-block-9985e649\"><span class=\"uagb-icon-list__source-wrap\"><svg xmlns=\"https:\/\/www.w3.org\/2000\/svg\" viewbox=\"0 0 320 512\"><path d=\"M204.3 32.01H96c-52.94 0-96 43.06-96 96c0 17.67 14.31 31.1 32 31.1s32-14.32 32-31.1c0-17.64 14.34-32 32-32h108.3C232.8 96.01 256 119.2 256 147.8c0 19.72-10.97 37.47-30.5 47.33L127.8 252.4C117.1 258.2 112 268.7 112 280v40c0 17.67 14.31 31.99 32 31.99s32-14.32 32-31.99V298.3L256 251.3c39.47-19.75 64-59.42 64-103.5C320 83.95 268.1 32.01 204.3 32.01zM144 400c-22.09 0-40 17.91-40 40s17.91 39.1 40 39.1s40-17.9 40-39.1S166.1 400 144 400z\"><\/path><\/svg><\/span><span class=\"uagb-icon-list__label\">Identifier les leviers de gain de temps, de co\u00fbts et de fiabilit\u00e9<\/span><\/div>\n\n\n\n<div class=\"wp-block-uagb-icon-list-child uagb-block-50db2f90\"><span class=\"uagb-icon-list__source-wrap\"><svg xmlns=\"https:\/\/www.w3.org\/2000\/svg\" viewbox=\"0 0 384 512\"><path d=\"M336 64h-53.88C268.9 26.8 233.7 0 192 0S115.1 26.8 101.9 64H48C21.5 64 0 85.48 0 112v352C0 490.5 21.5 512 48 512h288c26.5 0 48-21.48 48-48v-352C384 85.48 362.5 64 336 64zM96 392c-13.25 0-24-10.75-24-24S82.75 344 96 344s24 10.75 24 24S109.3 392 96 392zM96 296c-13.25 0-24-10.75-24-24S82.75 248 96 248S120 258.8 120 272S109.3 296 96 296zM192 64c17.67 0 32 14.33 32 32c0 17.67-14.33 32-32 32S160 113.7 160 96C160 78.33 174.3 64 192 64zM304 384h-128C167.2 384 160 376.8 160 368C160 359.2 167.2 352 176 352h128c8.801 0 16 7.199 16 16C320 376.8 312.8 384 304 384zM304 288h-128C167.2 288 160 280.8 160 272C160 263.2 167.2 256 176 256h128C312.8 256 320 263.2 320 272C320 280.8 312.8 288 304 288z\"><\/path><\/svg><\/span><span class=\"uagb-icon-list__label\">Get personalized advice for your specific context.<\/span><\/div>\n<\/div><\/div>\n<\/div>\n<\/div><\/div>\n<\/div>\n<\/div><\/div>\n<\/div>\n<\/div><\/div>\n<\/div>\n<\/div><\/div>\n<\/div>\n\n\n\n<div id=\"wp-block-themeisle-blocks-advanced-column-38b22c7a\" class=\"wp-block-themeisle-blocks-advanced-column\">\n<div class=\"forminator-guttenberg\"><div class=\"forminator-ui forminator-custom-form forminator-custom-form-6538 forminator-design--default  forminator_ajax\" data-forminator-render=\"0\" data-form=\"forminator-module-6538\" data-uid=\"69f22d038d5d2\"><br\/><\/div><form\n\t\t\t\tid=\"forminator-module-6538\"\n\t\t\t\tclass=\"forminator-ui forminator-custom-form forminator-custom-form-6538 forminator-design--default  forminator_ajax\"\n\t\t\t\tmethod=\"post\"\n\t\t\t\tdata-forminator-render=\"0\"\n\t\t\t\tdata-form-id=\"6538\"\n\t\t\t\tenctype=\"multipart\/form-data\" data-color-option=\"theme\" data-design=\"default\" data-grid=\"open\" style=\"display: none;\"\n\t\t\t\tdata-uid=\"69f22d038d5d2\" action=\"\"\n\t\t\t><div role=\"alert\" aria-live=\"polite\" class=\"forminator-response-message forminator-error\" aria-hidden=\"true\"><\/div><div class=\"forminator-row\"><div id=\"name-2\" class=\"forminator-field-name forminator-col forminator-col-12\"><div class=\"forminator-field\"><label for=\"forminator-field-name-2_69f22d038d5d2\" id=\"forminator-field-name-2_69f22d038d5d2-label\" class=\"forminator-label\">Nom Complet <span class=\"forminator-required\">*<\/span><\/label><input type=\"text\" name=\"name-2\" value=\"\" placeholder=\"Ana LYSES\" id=\"forminator-field-name-2_69f22d038d5d2\" class=\"forminator-input forminator-name--field\" aria-required=\"true\" autocomplete=\"name\" \/><\/div><\/div><\/div><div class=\"forminator-row\"><div id=\"email-1\" class=\"forminator-field-email forminator-col forminator-col-12\"><div class=\"forminator-field\"><label for=\"forminator-field-email-1_69f22d038d5d2\" id=\"forminator-field-email-1_69f22d038d5d2-label\" class=\"forminator-label\">E-mail address <span class=\"forminator-required\">*<\/span><\/label><input type=\"email\" name=\"email-1\" value=\"\" placeholder=\"alyses@batiloop.com\" id=\"forminator-field-email-1_69f22d038d5d2\" class=\"forminator-input forminator-email--field\" data-required=\"true\" aria-required=\"true\" autocomplete=\"email\" \/><\/div><\/div><\/div><div class=\"forminator-row\"><div id=\"textarea-1\" class=\"forminator-field-textarea forminator-col forminator-col-12\"><div class=\"forminator-field\"><label for=\"forminator-field-textarea-1_69f22d038d5d2\" id=\"forminator-field-textarea-1_69f22d038d5d2-label\" class=\"forminator-label\">Pourquoi souhaites-tu nous rejoindre ? <span class=\"forminator-required\">*<\/span><\/label><textarea name=\"textarea-1\" placeholder=\"Qu\u2019est-ce qui t\u2019attire dans ces projets, et ce que tu penses pouvoir apporter ?\" id=\"forminator-field-textarea-1_69f22d038d5d2\" class=\"forminator-textarea\" rows=\"6\" style=\"--forminator-textarea-min-height:140px;\" maxlength=\"400\" ><\/textarea><span id=\"forminator-field-textarea-1_69f22d038d5d2-description\" class=\"forminator-description\"><span data-limit=\"400\" data-type=\"characters\" data-editor=\"\">0 \/ 400<\/span><\/span><\/div><\/div><\/div><div class=\"forminator-row\"><div id=\"upload-1\" class=\"forminator-field-upload forminator-col forminator-col-12\"><div class=\"forminator-field\"><label for=\"forminator-field-upload-1_69f22d038d5d2\" id=\"forminator-field-upload-1_69f22d038d5d2-label\" class=\"forminator-label\">CV <span class=\"forminator-required\">*<\/span><\/label><div class=\"forminator-multi-upload\" data-element=\"upload-1_69f22d038d5d2\"><input type=\"file\" name=\"upload-1[]\" id=\"forminator-field-upload-1_69f22d038d5d2\" class=\"forminator-input-file-required do-validate forminator-field-upload-1_69f22d038d5d2-6538\" multiple=\"multiple\" data-method=\"ajax\" accept=\".avif,.heif,.heics,.heifs,.json,.woff,.woff2,.ttf,.eot,.otf,.lottie,.svgz,.doc,.docx,.pdf\" data-size=\"8000000\" data-size-message=\"Maximum file size allowed is 8 MB. \" data-filetype=\"avif|heif|heics|heifs|json|woff|woff2|ttf|eot|otf|lottie|svgz|doc|docx|pdf\" data-filetype-message=\"file extension is not allowed.\"><div class=\"forminator-multi-upload-message\" aria-hidden=\"true\"><span class=\"forminator-icon-upload\" aria-hidden=\"true\"><\/span><p>Drag and Drop (or) <a class=\"forminator-upload-file--forminator-field-upload-1_69f22d038d5d2\" href=\"#\" onclick=\"return false;\">Choose Files<\/a><\/p><\/div><\/div><ul class=\"forminator-uploaded-files upload-container-upload-1_69f22d038d5d2\"><\/ul><\/div><\/div><\/div><input type=\"hidden\" name=\"referer_url\" value=\"\" \/><div class=\"forminator-row forminator-row-last\"><div class=\"forminator-col\"><div class=\"forminator-field\"><button class=\"forminator-button forminator-button-submit\">Envoyer ma candidature<\/button><\/div><\/div><\/div><input type=\"hidden\" id=\"forminator_nonce\" name=\"forminator_nonce\" value=\"fdc67d969e\" \/><input type=\"hidden\" name=\"_wp_http_referer\" value=\"\/en\/wp-json\/wp\/v2\/pages\/6533\" \/><input type=\"hidden\" name=\"form_id\" value=\"6538\"><input type=\"hidden\" name=\"page_id\" value=\"6533\"><input type=\"hidden\" name=\"form_type\" value=\"default\"><input type=\"hidden\" name=\"current_url\" value=\"https:\/\/www.ailoop.io\/en\/parler-a-un-expert\/\"><input type=\"hidden\" name=\"render_id\" value=\"0\"><input type=\"hidden\" name=\"forminator-multifile-hidden\" class=\"forminator-multifile-hidden\"><input type=\"hidden\" name=\"action\" value=\"forminator_submit_form_custom-forms\"><input type=\"hidden\" name=\"trp-form-language\" value=\"en\"\/><\/form><\/div>\n<\/div>\n<\/div><\/div>\n<\/div>\n<\/div><\/div>\n\n\n\n<p><\/p>","protected":false},"excerpt":{"rendered":"","protected":false},"author":2,"featured_media":0,"parent":0,"menu_order":0,"comment_status":"closed","ping_status":"closed","template":"","meta":{"_uag_custom_page_level_css":"","neve_meta_sidebar":"","neve_meta_container":"full-width","neve_meta_enable_content_width":"","neve_meta_content_width":0,"neve_meta_title_alignment":"","neve_meta_author_avatar":"","neve_post_elements_order":"","neve_meta_disable_header":"on","neve_meta_disable_footer":"on","neve_meta_disable_title":"","neve_meta_reading_time":"","_themeisle_gutenberg_block_has_review":false,"_ti_tpc_template_sync":false,"_ti_tpc_template_id":"","footnotes":""},"class_list":["post-6533","page","type-page","status-publish","hentry"],"yoast_head":"<!-- This site is optimized with the Yoast SEO plugin v27.5 - https:\/\/yoast.com\/product\/yoast-seo-wordpress\/ -->\n<title>Parlez avec nos experts ACV et digital | Ailoop<\/title>\n<meta name=\"description\" content=\"Echangez avec des experts ACV et digital pour comprendre vos enjeux et identifier des leviers concrets de performance.\" \/>\n<meta name=\"robots\" content=\"index, follow, max-snippet:-1, max-image-preview:large, max-video-preview:-1\" \/>\n<link rel=\"canonical\" href=\"https:\/\/www.ailoop.io\/en\/parler-a-un-expert\/\" \/>\n<meta property=\"og:locale\" content=\"en_US\" \/>\n<meta property=\"og:type\" content=\"article\" \/>\n<meta property=\"og:title\" content=\"Parlez avec nos experts ACV et digital | Ailoop\" \/>\n<meta property=\"og:description\" content=\"Echangez avec des experts ACV et digital pour comprendre vos enjeux et identifier des leviers concrets de performance.\" \/>\n<meta property=\"og:url\" content=\"https:\/\/www.ailoop.io\/en\/parler-a-un-expert\/\" \/>\n<meta property=\"og:site_name\" content=\"Ailoop\" \/>\n<meta property=\"article:modified_time\" content=\"2026-01-29T21:49:01+00:00\" \/>\n<meta property=\"og:image\" content=\"https:\/\/www.ailoop.io\/wp-content\/uploads\/2025\/09\/configurateur-fdes-etapes-interface-ailoop-weloop.webp\" \/>\n<meta name=\"twitter:card\" content=\"summary_large_image\" \/>\n<meta name=\"twitter:site\" content=\"@ailoop_official\" \/>\n<meta name=\"twitter:label1\" content=\"Est. reading time\" \/>\n\t<meta name=\"twitter:data1\" content=\"1 minute\" \/>\n<!-- \/ Yoast SEO plugin. -->","yoast_head_json":{"title":"Parlez avec nos experts ACV et digital | Ailoop","description":"Echangez avec des experts ACV et digital pour comprendre vos enjeux et identifier des leviers concrets de performance.","robots":{"index":"index","follow":"follow","max-snippet":"max-snippet:-1","max-image-preview":"max-image-preview:large","max-video-preview":"max-video-preview:-1"},"canonical":"https:\/\/www.ailoop.io\/en\/parler-a-un-expert\/","og_locale":"en_US","og_type":"article","og_title":"Parlez avec nos experts ACV et digital | Ailoop","og_description":"Echangez avec des experts ACV et digital pour comprendre vos enjeux et identifier des leviers concrets de performance.","og_url":"https:\/\/www.ailoop.io\/en\/parler-a-un-expert\/","og_site_name":"Ailoop","article_modified_time":"2026-01-29T21:49:01+00:00","og_image":[{"url":"https:\/\/www.ailoop.io\/wp-content\/uploads\/2025\/09\/configurateur-fdes-etapes-interface-ailoop-weloop.webp","type":"","width":"","height":""}],"twitter_card":"summary_large_image","twitter_site":"@ailoop_official","twitter_misc":{"Est. reading time":"1 minute"},"schema":{"@context":"https:\/\/schema.org","@graph":[{"@type":["WebPage","ContactPage"],"@id":"https:\/\/www.ailoop.io\/parler-a-un-expert\/","url":"https:\/\/www.ailoop.io\/parler-a-un-expert\/","name":"Parlez avec nos experts ACV et digital | Ailoop","isPartOf":{"@id":"https:\/\/www.ailoop.io\/#website"},"primaryImageOfPage":{"@id":"https:\/\/www.ailoop.io\/parler-a-un-expert\/#primaryimage"},"image":{"@id":"https:\/\/www.ailoop.io\/parler-a-un-expert\/#primaryimage"},"thumbnailUrl":"https:\/\/www.ailoop.io\/wp-content\/uploads\/2025\/09\/configurateur-fdes-etapes-interface-ailoop-weloop.webp","datePublished":"2026-01-25T23:26:25+00:00","dateModified":"2026-01-29T21:49:01+00:00","description":"Echangez avec des experts ACV et digital pour comprendre vos enjeux et identifier des leviers concrets de performance.","breadcrumb":{"@id":"https:\/\/www.ailoop.io\/parler-a-un-expert\/#breadcrumb"},"inLanguage":"en-US","potentialAction":[{"@type":"ReadAction","target":["https:\/\/www.ailoop.io\/parler-a-un-expert\/"]}]},{"@type":"ImageObject","inLanguage":"en-US","@id":"https:\/\/www.ailoop.io\/parler-a-un-expert\/#primaryimage","url":"https:\/\/www.ailoop.io\/wp-content\/uploads\/2025\/09\/configurateur-fdes-etapes-interface-ailoop-weloop.webp","contentUrl":"https:\/\/www.ailoop.io\/wp-content\/uploads\/2025\/09\/configurateur-fdes-etapes-interface-ailoop-weloop.webp"},{"@type":"BreadcrumbList","@id":"https:\/\/www.ailoop.io\/parler-a-un-expert\/#breadcrumb","itemListElement":[{"@type":"ListItem","position":1,"name":"Accueil","item":"https:\/\/www.ailoop.io\/"},{"@type":"ListItem","position":2,"name":"D\u00e9mo configurateur FDES"}]},{"@type":"WebSite","@id":"https:\/\/www.ailoop.io\/#website","url":"https:\/\/www.ailoop.io\/","name":"Ailoop","description":"Outils digitaux ACV, FDES, EPD, DPP sur mesure pour acc\u00e9l\u00e9rer vos projets environnementaux","publisher":{"@id":"https:\/\/www.ailoop.io\/#organization"},"potentialAction":[{"@type":"SearchAction","target":{"@type":"EntryPoint","urlTemplate":"https:\/\/www.ailoop.io\/?s={search_term_string}"},"query-input":{"@type":"PropertyValueSpecification","valueRequired":true,"valueName":"search_term_string"}}],"inLanguage":"en-US"},{"@type":"Organization","@id":"https:\/\/www.ailoop.io\/#organization","name":"Ailoop","url":"https:\/\/www.ailoop.io\/","logo":{"@type":"ImageObject","inLanguage":"en-US","@id":"https:\/\/www.ailoop.io\/#\/schema\/logo\/image\/","url":"https:\/\/www.ailoop.io\/wp-content\/uploads\/2025\/07\/logo_ailoop_secondaire_bleu_mini.webp","contentUrl":"https:\/\/www.ailoop.io\/wp-content\/uploads\/2025\/07\/logo_ailoop_secondaire_bleu_mini.webp","width":538,"height":538,"caption":"Ailoop"},"image":{"@id":"https:\/\/www.ailoop.io\/#\/schema\/logo\/image\/"},"sameAs":["https:\/\/x.com\/ailoop_official","https:\/\/www.linkedin.com\/company\/ailoop-official","https:\/\/www.youtube.com\/@ailoop_official"]}]}},"uagb_featured_image_src":{"full":false,"thumbnail":false,"medium":false,"medium_large":false,"large":false,"1536x1536":false,"2048x2048":false,"trp-custom-language-flag":false,"neve-blog":false},"uagb_author_info":{"display_name":"Guillaume Szablewski","author_link":"https:\/\/www.ailoop.io\/en\/author\/g-szablewski\/"},"uagb_comment_info":0,"uagb_excerpt":null,"_links":{"self":[{"href":"https:\/\/www.ailoop.io\/en\/wp-json\/wp\/v2\/pages\/6533","targetHints":{"allow":["GET"]}}],"collection":[{"href":"https:\/\/www.ailoop.io\/en\/wp-json\/wp\/v2\/pages"}],"about":[{"href":"https:\/\/www.ailoop.io\/en\/wp-json\/wp\/v2\/types\/page"}],"author":[{"embeddable":true,"href":"https:\/\/www.ailoop.io\/en\/wp-json\/wp\/v2\/users\/2"}],"replies":[{"embeddable":true,"href":"https:\/\/www.ailoop.io\/en\/wp-json\/wp\/v2\/comments?post=6533"}],"version-history":[{"count":16,"href":"https:\/\/www.ailoop.io\/en\/wp-json\/wp\/v2\/pages\/6533\/revisions"}],"predecessor-version":[{"id":6975,"href":"https:\/\/www.ailoop.io\/en\/wp-json\/wp\/v2\/pages\/6533\/revisions\/6975"}],"wp:attachment":[{"href":"https:\/\/www.ailoop.io\/en\/wp-json\/wp\/v2\/media?parent=6533"}],"curies":[{"name":"wp","href":"https:\/\/api.w.org\/{rel}","templated":true}]}}